{"id":431,"date":"2025-08-10T01:56:04","date_gmt":"2025-08-09T22:56:04","guid":{"rendered":"https:\/\/mahmutlartaksi.com\/?page_id=431"},"modified":"2025-09-12T17:29:44","modified_gmt":"2025-09-12T14:29:44","slug":"hakkimizda","status":"publish","type":"page","link":"https:\/\/mahmutlartaksi.com\/de\/hakkimizda\/","title":{"rendered":"\u00dcber uns"},"content":{"rendered":"<div data-elementor-type=\"wp-page\" data-elementor-id=\"431\" class=\"elementor elementor-431\">\n\t\t\t\t<div class=\"elementor-element elementor-element-b11bf9e e-flex e-con-boxed e-con e-parent\" data-id=\"b11bf9e\" data-element_type=\"container\" data-settings=\"{&quot;background_background&quot;:&quot;classic&quot;,&quot;jet_parallax_layout_list&quot;:[]}\">\n\t\t\t\t\t<div class=\"e-con-inner\">\n\t\t<div class=\"elementor-element elementor-element-58e35d7 e-con-full e-flex e-con e-child\" data-id=\"58e35d7\" data-element_type=\"container\" data-settings=\"{&quot;jet_parallax_layout_list&quot;:[]}\">\n\t\t\t\t<div class=\"elementor-element elementor-element-a1c2924 elementor-widget elementor-widget-heading\" data-id=\"a1c2924\" data-element_type=\"widget\" data-widget_type=\"heading.default\">\n\t\t\t\t\t<h2 class=\"elementor-heading-title elementor-size-default\">\u00dcber uns<\/h2>\t\t\t\t<\/div>\n\t\t\t\t<\/div>\n\t\t\t\t\t<\/div>\n\t\t\t\t<\/div>\n\t\t<div class=\"elementor-element elementor-element-c746903 e-flex e-con-boxed elementor-invisible e-con e-parent\" data-id=\"c746903\" data-element_type=\"container\" data-settings=\"{&quot;jet_parallax_layout_list&quot;:[],&quot;animation&quot;:&quot;fadeInUp&quot;}\">\n\t\t\t\t\t<div class=\"e-con-inner\">\n\t\t<div class=\"elementor-element elementor-element-5a9e962 e-con-full e-flex e-con e-child\" data-id=\"5a9e962\" data-element_type=\"container\" data-settings=\"{&quot;jet_parallax_layout_list&quot;:[]}\">\n\t\t\t\t<div class=\"elementor-element elementor-element-635ffbf elementor-widget elementor-widget-heading\" data-id=\"635ffbf\" data-element_type=\"widget\" data-widget_type=\"heading.default\">\n\t\t\t\t\t<h2 class=\"elementor-heading-title elementor-size-default\">\u00dcber uns<\/h2>\t\t\t\t<\/div>\n\t\t\t\t<div class=\"elementor-element elementor-element-5e7662c elementor-widget elementor-widget-text-editor\" data-id=\"5e7662c\" data-element_type=\"widget\" data-widget_type=\"text-editor.default\">\n\t\t\t\t\t\t\t\t\t<p data-start=\"396\" data-end=\"1057\"><strong data-start=\"396\" data-end=\"422\">Mahmutlar Birlik Taxi<\/strong>Wir sind der n\u00e4chstgelegene Taxistand f\u00fcr Sie. <strong data-start=\"522\" data-end=\"563\">Schneller, sicherer und komfortabler Taxiservice rund um die Uhr<\/strong> Unsere erfahrenen Fahrer, die die Region gut kennen, verbinden P\u00fcnktlichkeit und freundlichen Service mit einem <strong data-start=\"689\" data-end=\"707\">n\u00e4chstes Taxi<\/strong> Es bringt zusammen.<br data-start=\"723\" data-end=\"726\" \/>T\u00e4gliche Transporte, Gesch\u00e4ftstermine, Hotel-Strand-Einkaufszentrum-Transfers und vor allem <strong data-start=\"799\" data-end=\"859\">Flughafentransfer von Gazipa\u015fa (GZP) nach Antalya (AYT).<\/strong> f\u00fcr <strong data-start=\"865\" data-end=\"887\">Online-Reservierung<\/strong> Sie k\u00f6nnen uns sofort \u00fcber unsere WhatsApp-Hotline kontaktieren. Wir sind auch f\u00fcr Sie da, wenn Sie besondere W\u00fcnsche haben, wie z. B. Kindersitze, Gep\u00e4ckunterst\u00fctzung oder die st\u00fcndliche\/t\u00e4gliche Fahrzeugzuteilung.<\/p><p data-start=\"1059\" data-end=\"1388\">Mahmutlar <strong data-start=\"396\" data-end=\"422\">Einheit <\/strong>Unser Zweck als Taxi ist; <strong data-start=\"1099\" data-end=\"1113\">fairer Preis<\/strong>, <strong data-start=\"1115\" data-end=\"1129\">sauberes Fahrzeug<\/strong>, <strong data-start=\"1131\" data-end=\"1148\">sicheres Fahren<\/strong> Und <strong data-start=\"1152\" data-end=\"1168\">klare Kommunikation<\/strong> \u201eUnsere Mission ist es, den Transport in Mahmutlar einfach, stressfrei und angenehm zu gestalten. Dank unseres umfangreichen Servicenetzes vom Eingang bis zum Ende der Region<strong data-start=\"1322\" data-end=\"1345\">das n\u00e4chstgelegene Taxi<\/strong>Wir setzen das Motto \u201e \u201c in echte Geschwindigkeit um.<\/p>\t\t\t\t\t\t\t\t<\/div>\n\t\t\t\t<\/div>\n\t\t<div class=\"elementor-element elementor-element-cee32a0 e-con-full e-flex e-con e-child\" data-id=\"cee32a0\" data-element_type=\"container\" data-settings=\"{&quot;jet_parallax_layout_list&quot;:[]}\">\n\t\t\t\t<div class=\"elementor-element elementor-element-93ed048 elementor-widget elementor-widget-image\" data-id=\"93ed048\" data-element_type=\"widget\" data-widget_type=\"image.default\">\n\t\t\t\t\t\t\t\t\t\t\t\t\t\t\t<img fetchpriority=\"high\" decoding=\"async\" width=\"768\" height=\"1024\" src=\"https:\/\/mahmutlartaksi.com\/wp-content\/uploads\/2025\/09\/76d57d8c-f54e-46aa-91e6-dfb97d4e6993-768x1024.jpeg\" class=\"attachment-large size-large wp-image-731\" alt=\"\" srcset=\"https:\/\/mahmutlartaksi.com\/wp-content\/uploads\/2025\/09\/76d57d8c-f54e-46aa-91e6-dfb97d4e6993-768x1024.jpeg 768w, https:\/\/mahmutlartaksi.com\/wp-content\/uploads\/2025\/09\/76d57d8c-f54e-46aa-91e6-dfb97d4e6993-225x300.jpeg 225w, https:\/\/mahmutlartaksi.com\/wp-content\/uploads\/2025\/09\/76d57d8c-f54e-46aa-91e6-dfb97d4e6993-1152x1536.jpeg 1152w, https:\/\/mahmutlartaksi.com\/wp-content\/uploads\/2025\/09\/76d57d8c-f54e-46aa-91e6-dfb97d4e6993-9x12.jpeg 9w, https:\/\/mahmutlartaksi.com\/wp-content\/uploads\/2025\/09\/76d57d8c-f54e-46aa-91e6-dfb97d4e6993.jpeg 1536w\" sizes=\"(max-width: 768px) 100vw, 768px\" \/>\t\t\t\t\t\t\t\t\t\t\t\t\t\t\t<\/div>\n\t\t\t\t<\/div>\n\t\t\t\t\t<\/div>\n\t\t\t\t<\/div>\n\t\t<div class=\"elementor-element elementor-element-bd77be3 e-flex e-con-boxed elementor-invisible e-con e-parent\" data-id=\"bd77be3\" data-element_type=\"container\" data-settings=\"{&quot;background_background&quot;:&quot;classic&quot;,&quot;jet_parallax_layout_list&quot;:[],&quot;animation&quot;:&quot;fadeInUp&quot;}\">\n\t\t\t\t\t<div class=\"e-con-inner\">\n\t\t<div class=\"elementor-element elementor-element-76513e5 e-con-full e-flex e-con e-child\" data-id=\"76513e5\" data-element_type=\"container\" data-settings=\"{&quot;jet_parallax_layout_list&quot;:[]}\">\n\t\t\t\t<div class=\"elementor-element elementor-element-3c9f1de elementor-widget elementor-widget-heading\" data-id=\"3c9f1de\" data-element_type=\"widget\" data-widget_type=\"heading.default\">\n\t\t\t\t\t<h2 class=\"elementor-heading-title elementor-size-default\">Unsere Mission<\/h2>\t\t\t\t<\/div>\n\t\t\t\t<div class=\"elementor-element elementor-element-19262aa elementor-widget elementor-widget-text-editor\" data-id=\"19262aa\" data-element_type=\"widget\" data-widget_type=\"text-editor.default\">\n\t\t\t\t\t\t\t\t\t<p>Jeder in Mahmutlar und Umgebung <strong data-start=\"1441\" data-end=\"1491\">zug\u00e4ngliches, sicheres, p\u00fcnktliches und komfortables Taxi<\/strong> um den Zugang zum Dienst zu gew\u00e4hrleisten.<br data-start=\"1522\" data-end=\"1525\" \/>Dies erreichen wir mit unseren vier strategischen Stopps <strong data-start=\"1558\" data-end=\"1596\">Finden Sie schnell das n\u00e4chste Taxi<\/strong>, Anruf\u2013WhatsApp\u2013<strong data-start=\"1613\" data-end=\"1635\">Online-Reservierung<\/strong> durch die Integration des Trios <strong data-start=\"1660\" data-end=\"1688\">24\/7 ununterbrochene Kommunikation<\/strong>Unsere Arbeiten f\u00fchren wir mit geschulten Fahrern und einem regelm\u00e4\u00dfig gewarteten Fuhrpark durch.<br data-start=\"1762\" data-end=\"1765\" \/><strong data-start=\"1765\" data-end=\"1815\">Flughafentransfers nach Gazipa\u015fa und Antalya<\/strong> Auch Zusatzw\u00fcnsche wie an Ihre Flugzeit angepasste Besprechungs-\/Transportabl\u00e4ufe, Kindersitze und Gep\u00e4ckunterst\u00fctzung ber\u00fccksichtigen wir als Teil unseres Standardservices.<\/p>\t\t\t\t\t\t\t\t<\/div>\n\t\t\t\t<\/div>\n\t\t<div class=\"elementor-element elementor-element-55dc914 e-con-full e-flex e-con e-child\" data-id=\"55dc914\" data-element_type=\"container\" data-settings=\"{&quot;jet_parallax_layout_list&quot;:[]}\">\n\t\t\t\t<div class=\"elementor-element elementor-element-fd6db5a elementor-widget elementor-widget-heading\" data-id=\"fd6db5a\" data-element_type=\"widget\" data-widget_type=\"heading.default\">\n\t\t\t\t\t<h2 class=\"elementor-heading-title elementor-size-default\">Unsere Vision<\/h2>\t\t\t\t<\/div>\n\t\t\t\t<div class=\"elementor-element elementor-element-7c168ba elementor-widget elementor-widget-text-editor\" data-id=\"7c168ba\" data-element_type=\"widget\" data-widget_type=\"text-editor.default\">\n\t\t\t\t\t\t\t\t\t<p>In Mahmutlar <strong data-start=\"2014\" data-end=\"2052\">Die erste Marke, die einem in den Sinn kommt, wenn man \u00fcber Taxis spricht<\/strong> sein und <strong data-start=\"2062\" data-end=\"2098\">das zuverl\u00e4ssigste Verkehrsnetz der Region<\/strong> bezeichnet werden als.<br data-start=\"2114\" data-end=\"2117\" \/>Mit digitalen Reservierungssystemen, kartenbasierter Standortfreigabe, transparenter Preispolitik und einem auf Kundenfeedback ausgerichteten Ansatz haben wir die Qualit\u00e4t erreicht, die wir auf lokaler Ebene erreicht haben. <strong data-start=\"2299\" data-end=\"2333\">auf regionalen Flughafenlinien<\/strong> Unser Ziel ist es, es auf ein vorbildliches Niveau zu bringen.<br data-start=\"2385\" data-end=\"2388\" \/>Auf Dauer, <strong data-start=\"2401\" data-end=\"2439\">Mahmutlars Transportstandards<\/strong> nicht nur Transport, <strong data-start=\"2463\" data-end=\"2482\">Serviceerfahrung<\/strong> Wir m\u00f6chten es auch so ansprechen.<\/p>\t\t\t\t\t\t\t\t<\/div>\n\t\t\t\t<\/div>\n\t\t<div class=\"elementor-element elementor-element-362a752 e-con-full e-flex e-con e-child\" data-id=\"362a752\" data-element_type=\"container\" data-settings=\"{&quot;jet_parallax_layout_list&quot;:[]}\">\n\t\t\t\t<div class=\"elementor-element elementor-element-53a4b91 elementor-widget elementor-widget-heading\" data-id=\"53a4b91\" data-element_type=\"widget\" data-widget_type=\"heading.default\">\n\t\t\t\t\t<h2 class=\"elementor-heading-title elementor-size-default\">Unsere Werte<\/h2>\t\t\t\t<\/div>\n\t\t\t\t<div class=\"elementor-element elementor-element-1e641ef elementor-widget elementor-widget-text-editor\" data-id=\"1e641ef\" data-element_type=\"widget\" data-widget_type=\"text-editor.default\">\n\t\t\t\t\t\t\t\t\t<p data-start=\"2536\" data-end=\"2776\"><strong data-start=\"2536\" data-end=\"2565\">1) Sicherheit und Verantwortung<\/strong><br data-start=\"2565\" data-end=\"2568\" \/>Fahrsicherheit, Gurtwarner, Baby-\/Kindersitzunterst\u00fctzung und regelm\u00e4\u00dfige Fahrzeugwartung sind f\u00fcr uns unerl\u00e4sslich. Wir sind uns unserer Verantwortung Ihnen gegen\u00fcber sowie Fu\u00dfg\u00e4ngern und dem Verkehr auf jeder Fahrt bewusst.<\/p><p data-start=\"2778\" data-end=\"3019\"><strong data-start=\"2778\" data-end=\"2806\">2) P\u00fcnktlichkeit und Transparenz<\/strong><br data-start=\"2806\" data-end=\"2809\" \/>\u201e<strong data-start=\"2810\" data-end=\"2828\">N\u00e4chstes Taxi<\/strong>Mit unserem \u201e\u201c-Ansatz minimieren wir die Wartezeit. Wir teilen die Route und die voraussichtliche Ankunftszeit klar und deutlich mit und sind bei der Preisgestaltung transparent. (\u00d6ffnungszeiten, Kilometerstand und Hop-on\/Hop-off-Fahrpl\u00e4ne werden auf der Website aktuell gehalten.)<\/p><p data-start=\"3021\" data-end=\"3240\"><strong data-start=\"3021\" data-end=\"3044\">3) Komfort und Hygiene<\/strong><br data-start=\"3044\" data-end=\"3047\" \/>Saubere und gepflegte Fahrzeuge, zuvorkommende Kommunikation, Klimaanlage und Gep\u00e4ckhilfe sind Standard. Wir planen den Flughafentransfer passend zu Ihrer Flugzeit und sorgen so f\u00fcr eine komfortable Reise, egal ob sp\u00e4t oder fr\u00fch.<\/p><p data-start=\"3242\" data-end=\"3482\"><strong data-start=\"3242\" data-end=\"3281\">4) Erreichbarkeit und 24\/7-Kommunikation<\/strong><br data-start=\"3281\" data-end=\"3284\" \/>Telefon, WhatsApp und <strong data-start=\"3305\" data-end=\"3327\">Online-Reservierung<\/strong> Wir sind zu jeder Tageszeit erreichbar. Mahmutlar <strong data-start=\"3375\" data-end=\"3415\">D\u00f6rtyol, Yatmaz, Post und Eleganz<\/strong> Durch unsere Lage an den Haltestellen erreichen wir jeden Stadtteil schnell.<\/p><p data-start=\"3484\" data-end=\"3691\"><strong data-start=\"3484\" data-end=\"3522\">5) Lokales Wissen und Gastfreundschaft<\/strong><br data-start=\"3522\" data-end=\"3525\" \/>Wir kennen Mahmutlar und seine Umgebung gut und bieten eine auf die Bed\u00fcrfnisse von Touristen und Einheimischen zugeschnittene F\u00fchrung. Wir empfehlen die richtigen Ziele entlang der Hotel-, Strand-, Einkaufszentrum- und Klinikrouten.<\/p><p data-start=\"3693\" data-end=\"3898\"><strong data-start=\"3693\" data-end=\"3719\">6) Kontinuierliche Verbesserung<\/strong><br data-start=\"3719\" data-end=\"3722\" \/>Wir ber\u00fccksichtigen Kundenfeedback und verbessern unsere Serviceprozesse kontinuierlich. Durch digitale Tracking-\/Reservierungssysteme und operatives Reporting streben wir eine Qualit\u00e4tssteigerung an.<\/p>\t\t\t\t\t\t\t\t<\/div>\n\t\t\t\t<\/div>\n\t\t\t\t\t<\/div>\n\t\t\t\t<\/div>\n\t\t\t\t<\/div>","protected":false},"excerpt":{"rendered":"<p>\u00dcber uns: Mahmutlar Birlik Taxi, Ihr n\u00e4chstgelegener Taxistand, bietet Ihnen rund um die Uhr einen schnellen, sicheren und komfortablen Taxiservice. Unsere ortskundigen und erfahrenen Fahrer verbinden P\u00fcnktlichkeit und freundlichen Service und bringen Sie schnell und zuverl\u00e4ssig zum n\u00e4chsten Taxi. Buchen Sie online f\u00fcr Ihren t\u00e4glichen Transport, Gesch\u00e4ftsreisen, Hotel-Strand-Einkaufszentrum-Transfers und insbesondere Flughafentransfers von Gazipa\u015fa (GZP) nach Antalya (AYT).<\/p>","protected":false},"author":1,"featured_media":631,"parent":0,"menu_order":0,"comment_status":"closed","ping_status":"closed","template":"elementor_header_footer","meta":{"_acf_changed":false,"footnotes":""},"class_list":["post-431","page","type-page","status-publish","has-post-thumbnail","hentry"],"acf":[],"yoast_head":"<!-- This site is optimized with the Yoast SEO plugin v25.6 - https:\/\/yoast.com\/wordpress\/plugins\/seo\/ -->\n<title>Hakk\u0131m\u0131zda - Mahmutlar Taksi<\/title>\n<meta name=\"robots\" content=\"index, follow, max-snippet:-1, max-image-preview:large, max-video-preview:-1\" \/>\n<link rel=\"canonical\" href=\"https:\/\/mahmutlartaksi.com\/de\/hakkimizda\/\" \/>\n<meta property=\"og:locale\" content=\"de_DE\" \/>\n<meta property=\"og:type\" content=\"article\" \/>\n<meta property=\"og:title\" content=\"Hakk\u0131m\u0131zda - Mahmutlar Taksi\" \/>\n<meta property=\"og:description\" content=\"Hakk\u0131m\u0131zda Hakk\u0131m\u0131zda Mahmutlar Birlik Taksi, Sizlere en yak\u0131n taksi dura\u011f\u0131y\u0131z 7\/24 h\u0131zl\u0131, g\u00fcvenli ve konforlu taksi hizmeti sunar. B\u00f6lgeyi iyi bilen deneyimli \u015fof\u00f6rlerimiz, dakikli\u011fi ve g\u00fcler y\u00fczl\u00fc hizmet anlay\u0131\u015f\u0131n\u0131 bir araya getirerek sizi en yak\u0131n taksi ile bulu\u015fturur.G\u00fcndelik ula\u015f\u0131m, i\u015f randevular\u0131, otel\u2013plaj\u2013AVM transferleri ve \u00f6zellikle Gazipa\u015fa (GZP) ile Antalya (AYT) havaliman\u0131 transferleri i\u00e7in online rezervasyon [&hellip;]\" \/>\n<meta property=\"og:url\" content=\"https:\/\/mahmutlartaksi.com\/de\/hakkimizda\/\" \/>\n<meta property=\"og:site_name\" content=\"Mahmutlar Taksi\" \/>\n<meta property=\"article:modified_time\" content=\"2025-09-12T14:29:44+00:00\" \/>\n<meta property=\"og:image\" content=\"https:\/\/mahmutlartaksi.com\/wp-content\/uploads\/2025\/09\/yatmaz-taksi-favicon.png\" \/>\n\t<meta property=\"og:image:width\" content=\"512\" \/>\n\t<meta property=\"og:image:height\" content=\"512\" \/>\n\t<meta property=\"og:image:type\" content=\"image\/png\" \/>\n<meta name=\"twitter:card\" content=\"summary_large_image\" \/>\n<meta name=\"twitter:label1\" content=\"Gesch\u00e4tzte Lesezeit\" \/>\n\t<meta name=\"twitter:data1\" content=\"3\u00a0Minuten\" \/>\n<script type=\"application\/ld+json\" class=\"yoast-schema-graph\">{\"@context\":\"https:\/\/schema.org\",\"@graph\":[{\"@type\":\"WebPage\",\"@id\":\"https:\/\/mahmutlartaksi.com\/hakkimizda\/\",\"url\":\"https:\/\/mahmutlartaksi.com\/hakkimizda\/\",\"name\":\"Hakk\u0131m\u0131zda - Mahmutlar Taksi\",\"isPartOf\":{\"@id\":\"https:\/\/mahmutlartaksi.com\/#website\"},\"primaryImageOfPage\":{\"@id\":\"https:\/\/mahmutlartaksi.com\/hakkimizda\/#primaryimage\"},\"image\":{\"@id\":\"https:\/\/mahmutlartaksi.com\/hakkimizda\/#primaryimage\"},\"thumbnailUrl\":\"https:\/\/mahmutlartaksi.com\/wp-content\/uploads\/2025\/09\/yatmaz-taksi-favicon.png\",\"datePublished\":\"2025-08-09T22:56:04+00:00\",\"dateModified\":\"2025-09-12T14:29:44+00:00\",\"breadcrumb\":{\"@id\":\"https:\/\/mahmutlartaksi.com\/hakkimizda\/#breadcrumb\"},\"inLanguage\":\"de\",\"potentialAction\":[{\"@type\":\"ReadAction\",\"target\":[\"https:\/\/mahmutlartaksi.com\/hakkimizda\/\"]}]},{\"@type\":\"ImageObject\",\"inLanguage\":\"de\",\"@id\":\"https:\/\/mahmutlartaksi.com\/hakkimizda\/#primaryimage\",\"url\":\"https:\/\/mahmutlartaksi.com\/wp-content\/uploads\/2025\/09\/yatmaz-taksi-favicon.png\",\"contentUrl\":\"https:\/\/mahmutlartaksi.com\/wp-content\/uploads\/2025\/09\/yatmaz-taksi-favicon.png\",\"width\":512,\"height\":512},{\"@type\":\"BreadcrumbList\",\"@id\":\"https:\/\/mahmutlartaksi.com\/hakkimizda\/#breadcrumb\",\"itemListElement\":[{\"@type\":\"ListItem\",\"position\":1,\"name\":\"Anasayfa\",\"item\":\"https:\/\/mahmutlartaksi.com\/\"},{\"@type\":\"ListItem\",\"position\":2,\"name\":\"Hakk\u0131m\u0131zda\"}]},{\"@type\":\"WebSite\",\"@id\":\"https:\/\/mahmutlartaksi.com\/#website\",\"url\":\"https:\/\/mahmutlartaksi.com\/\",\"name\":\"Mahmutlar Taksi\",\"description\":\"Mahmutlar Taksi\",\"potentialAction\":[{\"@type\":\"SearchAction\",\"target\":{\"@type\":\"EntryPoint\",\"urlTemplate\":\"https:\/\/mahmutlartaksi.com\/?s={search_term_string}\"},\"query-input\":{\"@type\":\"PropertyValueSpecification\",\"valueRequired\":true,\"valueName\":\"search_term_string\"}}],\"inLanguage\":\"de\"}]}<\/script>\n<!-- \/ Yoast SEO plugin. -->","yoast_head_json":{"title":"Hakk\u0131m\u0131zda - Mahmutlar Taksi","robots":{"index":"index","follow":"follow","max-snippet":"max-snippet:-1","max-image-preview":"max-image-preview:large","max-video-preview":"max-video-preview:-1"},"canonical":"https:\/\/mahmutlartaksi.com\/de\/hakkimizda\/","og_locale":"de_DE","og_type":"article","og_title":"Hakk\u0131m\u0131zda - Mahmutlar Taksi","og_description":"Hakk\u0131m\u0131zda Hakk\u0131m\u0131zda Mahmutlar Birlik Taksi, Sizlere en yak\u0131n taksi dura\u011f\u0131y\u0131z 7\/24 h\u0131zl\u0131, g\u00fcvenli ve konforlu taksi hizmeti sunar. B\u00f6lgeyi iyi bilen deneyimli \u015fof\u00f6rlerimiz, dakikli\u011fi ve g\u00fcler y\u00fczl\u00fc hizmet anlay\u0131\u015f\u0131n\u0131 bir araya getirerek sizi en yak\u0131n taksi ile bulu\u015fturur.G\u00fcndelik ula\u015f\u0131m, i\u015f randevular\u0131, otel\u2013plaj\u2013AVM transferleri ve \u00f6zellikle Gazipa\u015fa (GZP) ile Antalya (AYT) havaliman\u0131 transferleri i\u00e7in online rezervasyon [&hellip;]","og_url":"https:\/\/mahmutlartaksi.com\/de\/hakkimizda\/","og_site_name":"Mahmutlar Taksi","article_modified_time":"2025-09-12T14:29:44+00:00","og_image":[{"width":512,"height":512,"url":"https:\/\/mahmutlartaksi.com\/wp-content\/uploads\/2025\/09\/yatmaz-taksi-favicon.png","type":"image\/png"}],"twitter_card":"summary_large_image","twitter_misc":{"Gesch\u00e4tzte Lesezeit":"3\u00a0Minuten"},"schema":{"@context":"https:\/\/schema.org","@graph":[{"@type":"WebPage","@id":"https:\/\/mahmutlartaksi.com\/hakkimizda\/","url":"https:\/\/mahmutlartaksi.com\/hakkimizda\/","name":"Hakk\u0131m\u0131zda - Mahmutlar Taksi","isPartOf":{"@id":"https:\/\/mahmutlartaksi.com\/#website"},"primaryImageOfPage":{"@id":"https:\/\/mahmutlartaksi.com\/hakkimizda\/#primaryimage"},"image":{"@id":"https:\/\/mahmutlartaksi.com\/hakkimizda\/#primaryimage"},"thumbnailUrl":"https:\/\/mahmutlartaksi.com\/wp-content\/uploads\/2025\/09\/yatmaz-taksi-favicon.png","datePublished":"2025-08-09T22:56:04+00:00","dateModified":"2025-09-12T14:29:44+00:00","breadcrumb":{"@id":"https:\/\/mahmutlartaksi.com\/hakkimizda\/#breadcrumb"},"inLanguage":"de","potentialAction":[{"@type":"ReadAction","target":["https:\/\/mahmutlartaksi.com\/hakkimizda\/"]}]},{"@type":"ImageObject","inLanguage":"de","@id":"https:\/\/mahmutlartaksi.com\/hakkimizda\/#primaryimage","url":"https:\/\/mahmutlartaksi.com\/wp-content\/uploads\/2025\/09\/yatmaz-taksi-favicon.png","contentUrl":"https:\/\/mahmutlartaksi.com\/wp-content\/uploads\/2025\/09\/yatmaz-taksi-favicon.png","width":512,"height":512},{"@type":"BreadcrumbList","@id":"https:\/\/mahmutlartaksi.com\/hakkimizda\/#breadcrumb","itemListElement":[{"@type":"ListItem","position":1,"name":"Anasayfa","item":"https:\/\/mahmutlartaksi.com\/"},{"@type":"ListItem","position":2,"name":"Hakk\u0131m\u0131zda"}]},{"@type":"WebSite","@id":"https:\/\/mahmutlartaksi.com\/#website","url":"https:\/\/mahmutlartaksi.com\/","name":"Mahmutlar Taksi","description":"Mahmutlar Taksi","potentialAction":[{"@type":"SearchAction","target":{"@type":"EntryPoint","urlTemplate":"https:\/\/mahmutlartaksi.com\/?s={search_term_string}"},"query-input":{"@type":"PropertyValueSpecification","valueRequired":true,"valueName":"search_term_string"}}],"inLanguage":"de"}]}},"_links":{"self":[{"href":"https:\/\/mahmutlartaksi.com\/de\/wp-json\/wp\/v2\/pages\/431","targetHints":{"allow":["GET"]}}],"collection":[{"href":"https:\/\/mahmutlartaksi.com\/de\/wp-json\/wp\/v2\/pages"}],"about":[{"href":"https:\/\/mahmutlartaksi.com\/de\/wp-json\/wp\/v2\/types\/page"}],"author":[{"embeddable":true,"href":"https:\/\/mahmutlartaksi.com\/de\/wp-json\/wp\/v2\/users\/1"}],"replies":[{"embeddable":true,"href":"https:\/\/mahmutlartaksi.com\/de\/wp-json\/wp\/v2\/comments?post=431"}],"version-history":[{"count":20,"href":"https:\/\/mahmutlartaksi.com\/de\/wp-json\/wp\/v2\/pages\/431\/revisions"}],"predecessor-version":[{"id":761,"href":"https:\/\/mahmutlartaksi.com\/de\/wp-json\/wp\/v2\/pages\/431\/revisions\/761"}],"wp:featuredmedia":[{"embeddable":true,"href":"https:\/\/mahmutlartaksi.com\/de\/wp-json\/wp\/v2\/media\/631"}],"wp:attachment":[{"href":"https:\/\/mahmutlartaksi.com\/de\/wp-json\/wp\/v2\/media?parent=431"}],"curies":[{"name":"wp","href":"https:\/\/api.w.org\/{rel}","templated":true}]}}