{"id":105,"date":"2020-06-24T07:16:32","date_gmt":"2020-06-24T07:16:32","guid":{"rendered":"https:\/\/jupiterx.artbees.net\/accountant\/?page_id=105"},"modified":"2025-09-12T17:29:59","modified_gmt":"2025-09-12T14:29:59","slug":"blog","status":"publish","type":"page","link":"https:\/\/mahmutlartaksi.com\/de\/blog\/","title":{"rendered":"Der Blog"},"content":{"rendered":"<div data-elementor-type=\"wp-page\" data-elementor-id=\"105\" class=\"elementor elementor-105\">\n\t\t\t\t<div class=\"elementor-element elementor-element-46e47c9 e-flex e-con-boxed e-con e-parent\" data-id=\"46e47c9\" data-element_type=\"container\" data-settings=\"{&quot;background_background&quot;:&quot;classic&quot;,&quot;jet_parallax_layout_list&quot;:[]}\">\n\t\t\t\t\t<div class=\"e-con-inner\">\n\t\t<div class=\"elementor-element elementor-element-d42e452 e-con-full e-flex e-con e-child\" data-id=\"d42e452\" data-element_type=\"container\" data-settings=\"{&quot;jet_parallax_layout_list&quot;:[]}\">\n\t\t\t\t<div class=\"elementor-element elementor-element-bcf2c65 elementor-widget elementor-widget-heading\" data-id=\"bcf2c65\" data-element_type=\"widget\" data-widget_type=\"heading.default\">\n\t\t\t\t\t<h2 class=\"elementor-heading-title elementor-size-default\">Unsere Blogbeitr\u00e4ge<\/h2>\t\t\t\t<\/div>\n\t\t\t\t<\/div>\n\t\t\t\t\t<\/div>\n\t\t\t\t<\/div>\n\t\t<div class=\"elementor-element elementor-element-95e6391 e-flex e-con-boxed elementor-invisible e-con e-parent\" data-id=\"95e6391\" data-element_type=\"container\" data-settings=\"{&quot;jet_parallax_layout_list&quot;:[],&quot;animation&quot;:&quot;fadeInUp&quot;}\">\n\t\t\t\t\t<div class=\"e-con-inner\">\n\t\t<div class=\"elementor-element elementor-element-12b46d6 e-con-full e-flex e-con e-child\" data-id=\"12b46d6\" data-element_type=\"container\" data-settings=\"{&quot;jet_parallax_layout_list&quot;:[]}\">\n\t\t\t\t<div class=\"elementor-element elementor-element-44614b8 elementor-widget elementor-widget-heading\" data-id=\"44614b8\" data-element_type=\"widget\" data-widget_type=\"heading.default\">\n\t\t\t\t\t<h2 class=\"elementor-heading-title elementor-size-default\">Was wir f\u00fcr Sie vorbereitet haben<\/h2>\t\t\t\t<\/div>\n\t\t\t\t<div class=\"elementor-element elementor-element-d70e010 raven-hover-grayscale raven-button-align-center elementor-widget elementor-widget-raven-posts-carousel\" data-id=\"d70e010\" data-element_type=\"widget\" data-settings=\"{&quot;classic_slides_view&quot;:&quot;4&quot;,&quot;classic_post_image_hover_effect&quot;:&quot;grayscale&quot;,&quot;_skin&quot;:&quot;classic&quot;,&quot;classic_slides_view_tablet&quot;:&quot;2&quot;,&quot;classic_slides_view_mobile&quot;:&quot;1&quot;,&quot;classic_slides_scroll&quot;:&quot;1&quot;,&quot;classic_slides_scroll_tablet&quot;:&quot;1&quot;,&quot;classic_slides_scroll_mobile&quot;:&quot;1&quot;,&quot;classic_transition_speed&quot;:500,&quot;classic_enable_infinite_loop&quot;:&quot;yes&quot;,&quot;classic_show_arrows&quot;:&quot;yes&quot;,&quot;query_offset&quot;:0,&quot;classic_columns_space_between&quot;:{&quot;unit&quot;:&quot;px&quot;,&quot;size&quot;:30,&quot;sizes&quot;:[]},&quot;classic_columns_space_between_tablet&quot;:{&quot;unit&quot;:&quot;px&quot;,&quot;size&quot;:20,&quot;sizes&quot;:[]},&quot;classic_columns_space_between_mobile&quot;:{&quot;unit&quot;:&quot;px&quot;,&quot;size&quot;:10,&quot;sizes&quot;:[]}}\" data-widget_type=\"raven-posts-carousel.classic\">\n\t\t\t\t<div class=\"elementor-widget-container\">\n\t\t\t\t\t\t\t<div class=\"raven-posts-carousel raven-swiper-slider\">\r\n\t\t\t<div class=\"raven-posts-carousel-swiper-container swiper\">\r\n\t\t\t\t<div class=\"swiper-wrapper swiper-columns-4\" data-swiper='{&quot;rtl&quot;:false}'>\r\n\t\t\r\n\t\t<div class=\"swiper-slide\">\r\n\t\t\t<div class=\"raven-post-wrapper\">\r\n\t\t\t\t<div class=\"raven-post\">\r\n\t\t\t\t\t\t\t<div class=\"raven-post-image-wrap\">\r\n\t\t\t<a class=\"raven-post-image raven-image-fit\"  href=\"https:\/\/mahmutlartaksi.com\/de\/mahmutlarda-7-24-taksi-hizmeti-en-yakin-ve-en-hizli-ulasim-mahmutlar-yatmaz-takside\/\"><img fetchpriority=\"high\" decoding=\"async\" width=\"1024\" height=\"1024\" src=\"https:\/\/mahmutlartaksi.com\/wp-content\/uploads\/2025\/09\/4-1.png\" class=\"attachment-large size-large wp-image-662\" alt=\"\" srcset=\"https:\/\/mahmutlartaksi.com\/wp-content\/uploads\/2025\/09\/4-1.png 1024w, https:\/\/mahmutlartaksi.com\/wp-content\/uploads\/2025\/09\/4-1-300x300.png 300w, https:\/\/mahmutlartaksi.com\/wp-content\/uploads\/2025\/09\/4-1-150x150.png 150w, https:\/\/mahmutlartaksi.com\/wp-content\/uploads\/2025\/09\/4-1-768x768.png 768w, https:\/\/mahmutlartaksi.com\/wp-content\/uploads\/2025\/09\/4-1-12x12.png 12w, https:\/\/mahmutlartaksi.com\/wp-content\/uploads\/2025\/09\/4-1-500x500.png 500w\" sizes=\"(max-width: 1024px) 100vw, 1024px\" \/> <span class=\"raven-post-image-overlay\"><\/span><\/a>\t\t<\/div>\r\n\t\t\r\n\t\t\t\t\t<div class=\"raven-post-content\">\r\n\t\t\t\t\t\t<h3 class=\"raven-post-title\"><a class=\"raven-post-title-link\" href=\"https:\/\/mahmutlartaksi.com\/de\/mahmutlarda-7-24-taksi-hizmeti-en-yakin-ve-en-hizli-ulasim-mahmutlar-yatmaz-takside\/\">24\/7 Taxiservice in Mahmutlar: Das n\u00e4chstgelegene und schnellste Transportmittel ist bei Mahmutlar Birlik Taxi<\/a><\/h3><div class=\"raven-post-excerpt\">Taxiservice rund um die Uhr in Mahmutlar: Das n\u00e4chstgelegene und schnellste Transportmittel befindet sich in Mahmutlar. Birlik Taxi Mahmutlar Birlik Taxi ist eine lokale Transportmarke, die einen Taxiservice rund um die Uhr in ganz Mahmutlar anbietet. D\u00f6rtyol, Yatmaz, Postamt und<\/div>\t\t<div class=\"raven-post-read-more\">\r\n\t\t\t<a class=\"raven-post-button\" href=\"https:\/\/mahmutlartaksi.com\/de\/mahmutlarda-7-24-taksi-hizmeti-en-yakin-ve-en-hizli-ulasim-mahmutlar-yatmaz-takside\/\"><span class=\"raven-post-button-text\">Mehr lesen<\/span><\/a>\r\n\t\t<\/div>\r\n\t\t\t\t\t\t\t<\/div>\r\n\t\t\t\t<\/div>\r\n\t\t\t<\/div>\r\n\t\t<\/div>\r\n\t\t\r\n\t\t<div class=\"swiper-slide\">\r\n\t\t\t<div class=\"raven-post-wrapper\">\r\n\t\t\t\t<div class=\"raven-post\">\r\n\t\t\t\t\t\t\t<div class=\"raven-post-image-wrap\">\r\n\t\t\t<a class=\"raven-post-image raven-image-fit\"  href=\"https:\/\/mahmutlartaksi.com\/de\/mahmutlarda-en-yakin-taksi-deneyimi-hizli-guvenli-ve-planli-ulasim\/\"><img decoding=\"async\" width=\"1024\" height=\"1024\" src=\"https:\/\/mahmutlartaksi.com\/wp-content\/uploads\/2025\/09\/5-1.png\" class=\"attachment-large size-large wp-image-663\" alt=\"\" srcset=\"https:\/\/mahmutlartaksi.com\/wp-content\/uploads\/2025\/09\/5-1.png 1024w, https:\/\/mahmutlartaksi.com\/wp-content\/uploads\/2025\/09\/5-1-300x300.png 300w, https:\/\/mahmutlartaksi.com\/wp-content\/uploads\/2025\/09\/5-1-150x150.png 150w, https:\/\/mahmutlartaksi.com\/wp-content\/uploads\/2025\/09\/5-1-768x768.png 768w, https:\/\/mahmutlartaksi.com\/wp-content\/uploads\/2025\/09\/5-1-12x12.png 12w, https:\/\/mahmutlartaksi.com\/wp-content\/uploads\/2025\/09\/5-1-500x500.png 500w\" sizes=\"(max-width: 1024px) 100vw, 1024px\" \/> <span class=\"raven-post-image-overlay\"><\/span><\/a>\t\t<\/div>\r\n\t\t\r\n\t\t\t\t\t<div class=\"raven-post-content\">\r\n\t\t\t\t\t\t<h3 class=\"raven-post-title\"><a class=\"raven-post-title-link\" href=\"https:\/\/mahmutlartaksi.com\/de\/mahmutlarda-en-yakin-taksi-deneyimi-hizli-guvenli-ve-planli-ulasim\/\">Das n\u00e4chstgelegene Taxi-Erlebnis in Mahmutlar: Schneller, sicherer und geplanter Transport<\/a><\/h3><div class=\"raven-post-excerpt\">Das n\u00e4chste Taxi-Erlebnis in Mahmutlar: Schneller, sicherer und planm\u00e4\u00dfiger Transport Mahmutlar Birlik Taxi ist der praktischste Weg, um schnelle, sichere und planm\u00e4\u00dfige Transportm\u00f6glichkeiten f\u00fcr Einwohner und Besucher von Mahmutlar zu erhalten. D\u00f6rtyol,<\/div>\t\t<div class=\"raven-post-read-more\">\r\n\t\t\t<a class=\"raven-post-button\" href=\"https:\/\/mahmutlartaksi.com\/de\/mahmutlarda-en-yakin-taksi-deneyimi-hizli-guvenli-ve-planli-ulasim\/\"><span class=\"raven-post-button-text\">Mehr lesen<\/span><\/a>\r\n\t\t<\/div>\r\n\t\t\t\t\t\t\t<\/div>\r\n\t\t\t\t<\/div>\r\n\t\t\t<\/div>\r\n\t\t<\/div>\r\n\t\t\r\n\t\t<div class=\"swiper-slide\">\r\n\t\t\t<div class=\"raven-post-wrapper\">\r\n\t\t\t\t<div class=\"raven-post\">\r\n\t\t\t\t\t\t\t<div class=\"raven-post-image-wrap\">\r\n\t\t\t<a class=\"raven-post-image raven-image-fit\"  href=\"https:\/\/mahmutlartaksi.com\/de\/mahmutlarda-ulasimin-kisayolu-mahmutlar-yatmaz-taksi-ile-en-yakin-taksi-en-hizli-yolculuk\/\"><img decoding=\"async\" width=\"1024\" height=\"1024\" src=\"https:\/\/mahmutlartaksi.com\/wp-content\/uploads\/2025\/09\/6-1.png\" class=\"attachment-large size-large wp-image-664\" alt=\"\" srcset=\"https:\/\/mahmutlartaksi.com\/wp-content\/uploads\/2025\/09\/6-1.png 1024w, https:\/\/mahmutlartaksi.com\/wp-content\/uploads\/2025\/09\/6-1-300x300.png 300w, https:\/\/mahmutlartaksi.com\/wp-content\/uploads\/2025\/09\/6-1-150x150.png 150w, https:\/\/mahmutlartaksi.com\/wp-content\/uploads\/2025\/09\/6-1-768x768.png 768w, https:\/\/mahmutlartaksi.com\/wp-content\/uploads\/2025\/09\/6-1-12x12.png 12w, https:\/\/mahmutlartaksi.com\/wp-content\/uploads\/2025\/09\/6-1-500x500.png 500w\" sizes=\"(max-width: 1024px) 100vw, 1024px\" \/> <span class=\"raven-post-image-overlay\"><\/span><\/a>\t\t<\/div>\r\n\t\t\r\n\t\t\t\t\t<div class=\"raven-post-content\">\r\n\t\t\t\t\t\t<h3 class=\"raven-post-title\"><a class=\"raven-post-title-link\" href=\"https:\/\/mahmutlartaksi.com\/de\/mahmutlarda-ulasimin-kisayolu-mahmutlar-yatmaz-taksi-ile-en-yakin-taksi-en-hizli-yolculuk\/\">Die Abk\u00fcrzung zum Transport in Mahmutlar: Das n\u00e4chste Taxi, die schnellste Fahrt mit Mahmutlar Birlik Taxi<\/a><\/h3><div class=\"raven-post-excerpt\">Die Abk\u00fcrzung zum Transport in Mahmutlar: Das n\u00e4chste Taxi, die schnellste Fahrt mit Mahmutlar Birlik Taxi. Praktische und sichere M\u00f6glichkeit, Ihre Kurzstreckenarbeit in Mahmutlar zu erledigen, an den Strand zu gehen, das Einkaufszentrum zu besuchen oder p\u00fcnktlich am Flughafen anzukommen.<\/div>\t\t<div class=\"raven-post-read-more\">\r\n\t\t\t<a class=\"raven-post-button\" href=\"https:\/\/mahmutlartaksi.com\/de\/mahmutlarda-ulasimin-kisayolu-mahmutlar-yatmaz-taksi-ile-en-yakin-taksi-en-hizli-yolculuk\/\"><span class=\"raven-post-button-text\">Mehr lesen<\/span><\/a>\r\n\t\t<\/div>\r\n\t\t\t\t\t\t\t<\/div>\r\n\t\t\t\t<\/div>\r\n\t\t\t<\/div>\r\n\t\t<\/div>\r\n\t\t\r\n\t\t<div class=\"swiper-slide\">\r\n\t\t\t<div class=\"raven-post-wrapper\">\r\n\t\t\t\t<div class=\"raven-post\">\r\n\t\t\t\t\t\t\t<div class=\"raven-post-image-wrap\">\r\n\t\t\t<a class=\"raven-post-image raven-image-fit\"  href=\"https:\/\/mahmutlartaksi.com\/de\/mahmutlarda-en-yakin-taksi-en-hizli-cozum-yola-mahmutlar-yatmaz-taksi-ile-cikin\/\"><img loading=\"lazy\" decoding=\"async\" width=\"1024\" height=\"1024\" src=\"https:\/\/mahmutlartaksi.com\/wp-content\/uploads\/2025\/09\/1-2.png\" class=\"attachment-large size-large wp-image-665\" alt=\"\" srcset=\"https:\/\/mahmutlartaksi.com\/wp-content\/uploads\/2025\/09\/1-2.png 1024w, https:\/\/mahmutlartaksi.com\/wp-content\/uploads\/2025\/09\/1-2-300x300.png 300w, https:\/\/mahmutlartaksi.com\/wp-content\/uploads\/2025\/09\/1-2-150x150.png 150w, https:\/\/mahmutlartaksi.com\/wp-content\/uploads\/2025\/09\/1-2-768x768.png 768w, https:\/\/mahmutlartaksi.com\/wp-content\/uploads\/2025\/09\/1-2-12x12.png 12w, https:\/\/mahmutlartaksi.com\/wp-content\/uploads\/2025\/09\/1-2-500x500.png 500w\" sizes=\"(max-width: 1024px) 100vw, 1024px\" \/> <span class=\"raven-post-image-overlay\"><\/span><\/a>\t\t<\/div>\r\n\t\t\r\n\t\t\t\t\t<div class=\"raven-post-content\">\r\n\t\t\t\t\t\t<h3 class=\"raven-post-title\"><a class=\"raven-post-title-link\" href=\"https:\/\/mahmutlartaksi.com\/de\/mahmutlarda-en-yakin-taksi-en-hizli-cozum-yola-mahmutlar-yatmaz-taksi-ile-cikin\/\">Das n\u00e4chste Taxi in Mahmutlar, die schnellste L\u00f6sung: Machen Sie sich mit Mahmutlar Birlik Taxi auf den Weg<\/a><\/h3><div class=\"raven-post-excerpt\">Das n\u00e4chste Taxi in Mahmutlar, die schnellste L\u00f6sung: Machen Sie sich mit Mahmutlar Birlik Taxi auf den Weg. Mahmutlar Birlik Taxi bietet einen 24\/7-Taxiservice in ganz Mahmutlar mit vier strategischen Haltestellen, und Sie finden das n\u00e4chste Taxi in wenigen Minuten.<\/div>\t\t<div class=\"raven-post-read-more\">\r\n\t\t\t<a class=\"raven-post-button\" href=\"https:\/\/mahmutlartaksi.com\/de\/mahmutlarda-en-yakin-taksi-en-hizli-cozum-yola-mahmutlar-yatmaz-taksi-ile-cikin\/\"><span class=\"raven-post-button-text\">Mehr lesen<\/span><\/a>\r\n\t\t<\/div>\r\n\t\t\t\t\t\t\t<\/div>\r\n\t\t\t\t<\/div>\r\n\t\t\t<\/div>\r\n\t\t<\/div>\r\n\t\t\r\n\t\t<div class=\"swiper-slide\">\r\n\t\t\t<div class=\"raven-post-wrapper\">\r\n\t\t\t\t<div class=\"raven-post\">\r\n\t\t\t\t\t\t\t<div class=\"raven-post-image-wrap\">\r\n\t\t\t<a class=\"raven-post-image raven-image-fit\"  href=\"https:\/\/mahmutlartaksi.com\/de\/mahmutlarda-ulasimin-en-kolay-yolu-mahmutlar-yatmaz-taksi-ile-her-zaman-her-yere\/\"><img loading=\"lazy\" decoding=\"async\" width=\"1024\" height=\"1024\" src=\"https:\/\/mahmutlartaksi.com\/wp-content\/uploads\/2025\/09\/2-2.png\" class=\"attachment-large size-large wp-image-666\" alt=\"\" srcset=\"https:\/\/mahmutlartaksi.com\/wp-content\/uploads\/2025\/09\/2-2.png 1024w, https:\/\/mahmutlartaksi.com\/wp-content\/uploads\/2025\/09\/2-2-300x300.png 300w, https:\/\/mahmutlartaksi.com\/wp-content\/uploads\/2025\/09\/2-2-150x150.png 150w, https:\/\/mahmutlartaksi.com\/wp-content\/uploads\/2025\/09\/2-2-768x768.png 768w, https:\/\/mahmutlartaksi.com\/wp-content\/uploads\/2025\/09\/2-2-12x12.png 12w, https:\/\/mahmutlartaksi.com\/wp-content\/uploads\/2025\/09\/2-2-500x500.png 500w\" sizes=\"(max-width: 1024px) 100vw, 1024px\" \/> <span class=\"raven-post-image-overlay\"><\/span><\/a>\t\t<\/div>\r\n\t\t\r\n\t\t\t\t\t<div class=\"raven-post-content\">\r\n\t\t\t\t\t\t<h3 class=\"raven-post-title\"><a class=\"raven-post-title-link\" href=\"https:\/\/mahmutlartaksi.com\/de\/mahmutlarda-ulasimin-en-kolay-yolu-mahmutlar-yatmaz-taksi-ile-her-zaman-her-yere\/\">Die einfachste Art, sich in Mahmutlar fortzubewegen: Jederzeit und \u00fcberall mit Mahmutlar Birlik Taxi<\/a><\/h3><div class=\"raven-post-excerpt\">Die einfachste Art, sich in Mahmutlar fortzubewegen: Jederzeit und \u00fcberall mit Mahmutlar Birlik Taxi. In der pulsierenden Stadt Mahmutlar ist eine schnelle, sichere und planbare Fortbewegung kein Luxus, sondern eine Notwendigkeit. Mahmutlar Birlik Taxi ist an vier strategischen Standorten vertreten.<\/div>\t\t<div class=\"raven-post-read-more\">\r\n\t\t\t<a class=\"raven-post-button\" href=\"https:\/\/mahmutlartaksi.com\/de\/mahmutlarda-ulasimin-en-kolay-yolu-mahmutlar-yatmaz-taksi-ile-her-zaman-her-yere\/\"><span class=\"raven-post-button-text\">Mehr lesen<\/span><\/a>\r\n\t\t<\/div>\r\n\t\t\t\t\t\t\t<\/div>\r\n\t\t\t\t<\/div>\r\n\t\t\t<\/div>\r\n\t\t<\/div>\r\n\t\t\r\n\t\t<div class=\"swiper-slide\">\r\n\t\t\t<div class=\"raven-post-wrapper\">\r\n\t\t\t\t<div class=\"raven-post\">\r\n\t\t\t\t\t\t\t<div class=\"raven-post-image-wrap\">\r\n\t\t\t<a class=\"raven-post-image raven-image-fit\"  href=\"https:\/\/mahmutlartaksi.com\/de\/mahmutlar-taksi-rehberi-dakik-guvenli-ve-planli-ulasimin-adresi-mahmutlar-yatmaz-taksi\/\"><img loading=\"lazy\" decoding=\"async\" width=\"1024\" height=\"1024\" src=\"https:\/\/mahmutlartaksi.com\/wp-content\/uploads\/2025\/09\/3-2.png\" class=\"attachment-large size-large wp-image-667\" alt=\"\" srcset=\"https:\/\/mahmutlartaksi.com\/wp-content\/uploads\/2025\/09\/3-2.png 1024w, https:\/\/mahmutlartaksi.com\/wp-content\/uploads\/2025\/09\/3-2-300x300.png 300w, https:\/\/mahmutlartaksi.com\/wp-content\/uploads\/2025\/09\/3-2-150x150.png 150w, https:\/\/mahmutlartaksi.com\/wp-content\/uploads\/2025\/09\/3-2-768x768.png 768w, https:\/\/mahmutlartaksi.com\/wp-content\/uploads\/2025\/09\/3-2-12x12.png 12w, https:\/\/mahmutlartaksi.com\/wp-content\/uploads\/2025\/09\/3-2-500x500.png 500w\" sizes=\"(max-width: 1024px) 100vw, 1024px\" \/> <span class=\"raven-post-image-overlay\"><\/span><\/a>\t\t<\/div>\r\n\t\t\r\n\t\t\t\t\t<div class=\"raven-post-content\">\r\n\t\t\t\t\t\t<h3 class=\"raven-post-title\"><a class=\"raven-post-title-link\" href=\"https:\/\/mahmutlartaksi.com\/de\/mahmutlar-taksi-rehberi-dakik-guvenli-ve-planli-ulasimin-adresi-mahmutlar-yatmaz-taksi\/\">Mahmutlar Taxi Guide: Die Adresse f\u00fcr p\u00fcnktlichen, sicheren und geplanten Transport \u2013 Mahmutlar Birlik Taxi<\/a><\/h3><div class=\"raven-post-excerpt\">Mahmutlar Taxi Guide: Die Adresse f\u00fcr p\u00fcnktlichen, sicheren und planm\u00e4\u00dfigen Transport \u2013 Mahmutlar Birlik Taxi. Wenn es um schnellen und sicheren Transport in Mahmutlar geht, ist Mahmutlar Birlik Taxi einer der ersten Namen, die einem in den Sinn kommen. D\u00f6rtyol, Yatmaz, Postane<\/div>\t\t<div class=\"raven-post-read-more\">\r\n\t\t\t<a class=\"raven-post-button\" href=\"https:\/\/mahmutlartaksi.com\/de\/mahmutlar-taksi-rehberi-dakik-guvenli-ve-planli-ulasimin-adresi-mahmutlar-yatmaz-taksi\/\"><span class=\"raven-post-button-text\">Mehr lesen<\/span><\/a>\r\n\t\t<\/div>\r\n\t\t\t\t\t\t\t<\/div>\r\n\t\t\t\t<\/div>\r\n\t\t\t<\/div>\r\n\t\t<\/div>\r\n\t\t\t\t\t\t<\/div>\r\n\t\t<div class=\"swiper-pagination swiper-pager-outside bullets-pagination-type\"><\/div>\r\n\t\t<\/div>\r\n\r\n\t\t\t\t\t\t\t<div class=\"swiper-button-prev\"><\/div>\r\n\t\t\t\t<div class=\"swiper-button-next\"><\/div>\r\n\t\t\t\r\n\t\t<\/div>\r\n\t\t\t\t\t\t<\/div>\n\t\t\t\t<\/div>\n\t\t\t\t<\/div>\n\t\t\t\t\t<\/div>\n\t\t\t\t<\/div>\n\t\t\t\t<\/div>","protected":false},"excerpt":{"rendered":"<p>Unsere Blogbeitr\u00e4ge Was wir f\u00fcr Sie vorbereitet haben 24\/7-Taxiservice in Mahmutlar: Der n\u00e4chste und schnellste Transport ist mit Mahmutlar Birlik Taxi. Mahmutlar Birlik Taxi ist ein lokales Transportunternehmen, das rund um die Uhr Taxiservice in ganz Mahmutlar anbietet. D\u00f6rtyol, Yatmaz, Postamt und Weiterlesen N\u00e4chstes Taxi-Erlebnis in Mahmutlar: [\u2026]<\/p>","protected":false},"author":1,"featured_media":631,"parent":0,"menu_order":0,"comment_status":"closed","ping_status":"closed","template":"elementor_header_footer","meta":{"_acf_changed":false,"footnotes":""},"class_list":["post-105","page","type-page","status-publish","has-post-thumbnail","hentry"],"acf":[],"yoast_head":"<!-- This site is optimized with the Yoast SEO plugin v25.6 - https:\/\/yoast.com\/wordpress\/plugins\/seo\/ -->\n<title>Blog<\/title>\n<meta name=\"robots\" content=\"index, follow, max-snippet:-1, max-image-preview:large, max-video-preview:-1\" \/>\n<link rel=\"canonical\" href=\"https:\/\/mahmutlartaksi.com\/de\/blog\/\" \/>\n<meta property=\"og:locale\" content=\"de_DE\" \/>\n<meta property=\"og:type\" content=\"article\" \/>\n<meta property=\"og:title\" content=\"Blog\" \/>\n<meta property=\"og:description\" content=\"Blog Yaz\u0131lar\u0131m\u0131z Sizin \u0130\u00e7in Haz\u0131rlad\u0131klar\u0131m\u0131z Mahmutlar\u2019da 7\/24 Taksi Hizmeti: En Yak\u0131n ve En H\u0131zl\u0131 Ula\u015f\u0131m Mahmutlar Birlik Taksi\u2019de Mahmutlar\u2019da 7\/24 Taksi Hizmeti: En Yak\u0131n ve En H\u0131zl\u0131 Ula\u015f\u0131m Mahmutlar Birlik Taksi\u2019de Mahmutlar Birlik Taksi, Mahmutlar\u2019\u0131n tamam\u0131nda 7\/24 taksi hizmeti sunan yerel bir ula\u015f\u0131m markas\u0131d\u0131r. D\u00f6rtyol, Yatmaz, Postane ve Devam\u0131n\u0131 Oku Mahmutlar\u2019da En Yak\u0131n Taksi Deneyimi: [&hellip;]\" \/>\n<meta property=\"og:url\" content=\"https:\/\/mahmutlartaksi.com\/de\/blog\/\" \/>\n<meta property=\"og:site_name\" content=\"Mahmutlar Taksi\" \/>\n<meta property=\"article:modified_time\" content=\"2025-09-12T14:29:59+00:00\" \/>\n<meta property=\"og:image\" content=\"https:\/\/mahmutlartaksi.com\/wp-content\/uploads\/2025\/09\/yatmaz-taksi-favicon.png\" \/>\n\t<meta property=\"og:image:width\" content=\"512\" \/>\n\t<meta property=\"og:image:height\" content=\"512\" \/>\n\t<meta property=\"og:image:type\" content=\"image\/png\" \/>\n<meta name=\"twitter:card\" content=\"summary_large_image\" \/>\n<meta name=\"twitter:label1\" content=\"Gesch\u00e4tzte Lesezeit\" \/>\n\t<meta name=\"twitter:data1\" content=\"7\u00a0Minuten\" \/>\n<script type=\"application\/ld+json\" class=\"yoast-schema-graph\">{\"@context\":\"https:\/\/schema.org\",\"@graph\":[{\"@type\":\"WebPage\",\"@id\":\"https:\/\/mahmutlartaksi.com\/blog\/\",\"url\":\"https:\/\/mahmutlartaksi.com\/blog\/\",\"name\":\"Blog\",\"isPartOf\":{\"@id\":\"https:\/\/mahmutlartaksi.com\/#website\"},\"primaryImageOfPage\":{\"@id\":\"https:\/\/mahmutlartaksi.com\/blog\/#primaryimage\"},\"image\":{\"@id\":\"https:\/\/mahmutlartaksi.com\/blog\/#primaryimage\"},\"thumbnailUrl\":\"https:\/\/mahmutlartaksi.com\/wp-content\/uploads\/2025\/09\/yatmaz-taksi-favicon.png\",\"datePublished\":\"2020-06-24T07:16:32+00:00\",\"dateModified\":\"2025-09-12T14:29:59+00:00\",\"breadcrumb\":{\"@id\":\"https:\/\/mahmutlartaksi.com\/blog\/#breadcrumb\"},\"inLanguage\":\"de\",\"potentialAction\":[{\"@type\":\"ReadAction\",\"target\":[\"https:\/\/mahmutlartaksi.com\/blog\/\"]}]},{\"@type\":\"ImageObject\",\"inLanguage\":\"de\",\"@id\":\"https:\/\/mahmutlartaksi.com\/blog\/#primaryimage\",\"url\":\"https:\/\/mahmutlartaksi.com\/wp-content\/uploads\/2025\/09\/yatmaz-taksi-favicon.png\",\"contentUrl\":\"https:\/\/mahmutlartaksi.com\/wp-content\/uploads\/2025\/09\/yatmaz-taksi-favicon.png\",\"width\":512,\"height\":512},{\"@type\":\"BreadcrumbList\",\"@id\":\"https:\/\/mahmutlartaksi.com\/blog\/#breadcrumb\",\"itemListElement\":[{\"@type\":\"ListItem\",\"position\":1,\"name\":\"Anasayfa\",\"item\":\"https:\/\/mahmutlartaksi.com\/\"},{\"@type\":\"ListItem\",\"position\":2,\"name\":\"Blog\"}]},{\"@type\":\"WebSite\",\"@id\":\"https:\/\/mahmutlartaksi.com\/#website\",\"url\":\"https:\/\/mahmutlartaksi.com\/\",\"name\":\"Mahmutlar Taksi\",\"description\":\"Mahmutlar Taksi\",\"potentialAction\":[{\"@type\":\"SearchAction\",\"target\":{\"@type\":\"EntryPoint\",\"urlTemplate\":\"https:\/\/mahmutlartaksi.com\/?s={search_term_string}\"},\"query-input\":{\"@type\":\"PropertyValueSpecification\",\"valueRequired\":true,\"valueName\":\"search_term_string\"}}],\"inLanguage\":\"de\"}]}<\/script>\n<!-- \/ Yoast SEO plugin. -->","yoast_head_json":{"title":"Blog","robots":{"index":"index","follow":"follow","max-snippet":"max-snippet:-1","max-image-preview":"max-image-preview:large","max-video-preview":"max-video-preview:-1"},"canonical":"https:\/\/mahmutlartaksi.com\/de\/blog\/","og_locale":"de_DE","og_type":"article","og_title":"Blog","og_description":"Blog Yaz\u0131lar\u0131m\u0131z Sizin \u0130\u00e7in Haz\u0131rlad\u0131klar\u0131m\u0131z Mahmutlar\u2019da 7\/24 Taksi Hizmeti: En Yak\u0131n ve En H\u0131zl\u0131 Ula\u015f\u0131m Mahmutlar Birlik Taksi\u2019de Mahmutlar\u2019da 7\/24 Taksi Hizmeti: En Yak\u0131n ve En H\u0131zl\u0131 Ula\u015f\u0131m Mahmutlar Birlik Taksi\u2019de Mahmutlar Birlik Taksi, Mahmutlar\u2019\u0131n tamam\u0131nda 7\/24 taksi hizmeti sunan yerel bir ula\u015f\u0131m markas\u0131d\u0131r. D\u00f6rtyol, Yatmaz, Postane ve Devam\u0131n\u0131 Oku Mahmutlar\u2019da En Yak\u0131n Taksi Deneyimi: [&hellip;]","og_url":"https:\/\/mahmutlartaksi.com\/de\/blog\/","og_site_name":"Mahmutlar Taksi","article_modified_time":"2025-09-12T14:29:59+00:00","og_image":[{"width":512,"height":512,"url":"https:\/\/mahmutlartaksi.com\/wp-content\/uploads\/2025\/09\/yatmaz-taksi-favicon.png","type":"image\/png"}],"twitter_card":"summary_large_image","twitter_misc":{"Gesch\u00e4tzte Lesezeit":"7\u00a0Minuten"},"schema":{"@context":"https:\/\/schema.org","@graph":[{"@type":"WebPage","@id":"https:\/\/mahmutlartaksi.com\/blog\/","url":"https:\/\/mahmutlartaksi.com\/blog\/","name":"Blog","isPartOf":{"@id":"https:\/\/mahmutlartaksi.com\/#website"},"primaryImageOfPage":{"@id":"https:\/\/mahmutlartaksi.com\/blog\/#primaryimage"},"image":{"@id":"https:\/\/mahmutlartaksi.com\/blog\/#primaryimage"},"thumbnailUrl":"https:\/\/mahmutlartaksi.com\/wp-content\/uploads\/2025\/09\/yatmaz-taksi-favicon.png","datePublished":"2020-06-24T07:16:32+00:00","dateModified":"2025-09-12T14:29:59+00:00","breadcrumb":{"@id":"https:\/\/mahmutlartaksi.com\/blog\/#breadcrumb"},"inLanguage":"de","potentialAction":[{"@type":"ReadAction","target":["https:\/\/mahmutlartaksi.com\/blog\/"]}]},{"@type":"ImageObject","inLanguage":"de","@id":"https:\/\/mahmutlartaksi.com\/blog\/#primaryimage","url":"https:\/\/mahmutlartaksi.com\/wp-content\/uploads\/2025\/09\/yatmaz-taksi-favicon.png","contentUrl":"https:\/\/mahmutlartaksi.com\/wp-content\/uploads\/2025\/09\/yatmaz-taksi-favicon.png","width":512,"height":512},{"@type":"BreadcrumbList","@id":"https:\/\/mahmutlartaksi.com\/blog\/#breadcrumb","itemListElement":[{"@type":"ListItem","position":1,"name":"Anasayfa","item":"https:\/\/mahmutlartaksi.com\/"},{"@type":"ListItem","position":2,"name":"Blog"}]},{"@type":"WebSite","@id":"https:\/\/mahmutlartaksi.com\/#website","url":"https:\/\/mahmutlartaksi.com\/","name":"Mahmutlar Taksi","description":"Mahmutlar Taksi","potentialAction":[{"@type":"SearchAction","target":{"@type":"EntryPoint","urlTemplate":"https:\/\/mahmutlartaksi.com\/?s={search_term_string}"},"query-input":{"@type":"PropertyValueSpecification","valueRequired":true,"valueName":"search_term_string"}}],"inLanguage":"de"}]}},"_links":{"self":[{"href":"https:\/\/mahmutlartaksi.com\/de\/wp-json\/wp\/v2\/pages\/105","targetHints":{"allow":["GET"]}}],"collection":[{"href":"https:\/\/mahmutlartaksi.com\/de\/wp-json\/wp\/v2\/pages"}],"about":[{"href":"https:\/\/mahmutlartaksi.com\/de\/wp-json\/wp\/v2\/types\/page"}],"author":[{"embeddable":true,"href":"https:\/\/mahmutlartaksi.com\/de\/wp-json\/wp\/v2\/users\/1"}],"replies":[{"embeddable":true,"href":"https:\/\/mahmutlartaksi.com\/de\/wp-json\/wp\/v2\/comments?post=105"}],"version-history":[{"count":12,"href":"https:\/\/mahmutlartaksi.com\/de\/wp-json\/wp\/v2\/pages\/105\/revisions"}],"predecessor-version":[{"id":768,"href":"https:\/\/mahmutlartaksi.com\/de\/wp-json\/wp\/v2\/pages\/105\/revisions\/768"}],"wp:featuredmedia":[{"embeddable":true,"href":"https:\/\/mahmutlartaksi.com\/de\/wp-json\/wp\/v2\/media\/631"}],"wp:attachment":[{"href":"https:\/\/mahmutlartaksi.com\/de\/wp-json\/wp\/v2\/media?parent=105"}],"curies":[{"name":"wp","href":"https:\/\/api.w.org\/{rel}","templated":true}]}}